{"id":67,"date":"2024-04-16T15:07:18","date_gmt":"2024-04-16T13:07:18","guid":{"rendered":"https:\/\/resilient-cities.eu\/?page_id=67"},"modified":"2025-02-10T15:52:17","modified_gmt":"2025-02-10T13:52:17","slug":"vienna","status":"publish","type":"page","link":"https:\/\/resilient-cities.eu\/?page_id=67","title":{"rendered":"Vienna"},"content":{"rendered":"\t\t<div data-elementor-type=\"wp-page\" data-elementor-id=\"67\" class=\"elementor elementor-67\" data-elementor-post-type=\"page\">\n\t\t\t\t<div class=\"elementor-element elementor-element-7efe588 e-flex e-con-boxed e-con e-parent\" data-id=\"7efe588\" data-element_type=\"container\">\n\t\t\t\t\t<div class=\"e-con-inner\">\n\t\t\t\t<div class=\"elementor-element elementor-element-7a734f7 elementor-widget elementor-widget-heading\" data-id=\"7a734f7\" data-element_type=\"widget\" data-widget_type=\"heading.default\">\n\t\t\t\t<div class=\"elementor-widget-container\">\n\t\t\t\t\t<h4 class=\"elementor-heading-title elementor-size-default\">06. - 08. May 2024<\/h4>\t\t\t\t<\/div>\n\t\t\t\t<\/div>\n\t\t\t\t<div class=\"elementor-element elementor-element-02c7586 elementor-widget elementor-widget-heading\" data-id=\"02c7586\" data-element_type=\"widget\" data-widget_type=\"heading.default\">\n\t\t\t\t<div class=\"elementor-widget-container\">\n\t\t\t\t\t<h2 class=\"elementor-heading-title elementor-size-default\">NO FEAR OF THE DARK<\/h2>\t\t\t\t<\/div>\n\t\t\t\t<\/div>\n\t\t\t\t\t<\/div>\n\t\t\t\t<\/div>\n\t\t<div class=\"elementor-element elementor-element-b2a6de1 e-flex e-con-boxed e-con e-parent\" data-id=\"b2a6de1\" data-element_type=\"container\">\n\t\t\t\t\t<div class=\"e-con-inner\">\n\t\t<div class=\"elementor-element elementor-element-308c8d9 e-con-full e-flex e-con e-child\" data-id=\"308c8d9\" data-element_type=\"container\">\n\t\t\t\t<div class=\"elementor-element elementor-element-f9fbbe5 elementor-widget elementor-widget-heading\" data-id=\"f9fbbe5\" data-element_type=\"widget\" data-widget_type=\"heading.default\">\n\t\t\t\t<div class=\"elementor-widget-container\">\n\t\t\t\t\t<h3 class=\"elementor-heading-title elementor-size-default\">ABOUT VIENNA<\/h3>\t\t\t\t<\/div>\n\t\t\t\t<\/div>\n\t\t\t\t<div class=\"elementor-element elementor-element-98fbb38 elementor-widget elementor-widget-text-editor\" data-id=\"98fbb38\" data-element_type=\"widget\" data-widget_type=\"text-editor.default\">\n\t\t\t\t<div class=\"elementor-widget-container\">\n\t\t\t\t\t\t\t\t\t<p>Vienna, the capital of Austria, is a city rich in cultural treasures, historical elegance, and modern dynamism.<\/p><p>Renowned for its impressive Baroque architecture, magnificent palaces, and world-famous music traditions, Vienna offers a unique blend of tradition and innovation. The city is home to significant cultural institutions such as the Vienna State Opera, the Kunsthistorisches Museum, and Sch\u00f6nbrunn Palace, attracting millions of visitors each year. At the same time, Vienna is a hub for science, research, and education, with numerous universities and research institutes.<\/p><p>The high quality of life, green parks, and vibrant caf\u00e9 culture add to the city&#8217;s charm and joie de vivre. Discover Vienna, a metropolis that harmoniously combines history and modernity, enchanting visitors with its timeless beauty.<\/p>\t\t\t\t\t\t\t\t<\/div>\n\t\t\t\t<\/div>\n\t\t\t\t<\/div>\n\t\t<div class=\"elementor-element elementor-element-6fa9c39 e-con-full e-flex e-con e-child\" data-id=\"6fa9c39\" data-element_type=\"container\" data-settings=\"{&quot;background_background&quot;:&quot;classic&quot;}\">\n\t\t\t\t<\/div>\n\t\t\t\t\t<\/div>\n\t\t\t\t<\/div>\n\t\t<div class=\"elementor-element elementor-element-e0e73bb e-flex e-con-boxed e-con e-parent\" data-id=\"e0e73bb\" data-element_type=\"container\">\n\t\t\t\t\t<div class=\"e-con-inner\">\n\t\t<div class=\"elementor-element elementor-element-4f3bc07 e-con-full e-flex e-con e-child\" data-id=\"4f3bc07\" data-element_type=\"container\">\n\t\t\t\t<div class=\"elementor-element elementor-element-8ec8c46 elementor-widget elementor-widget-heading\" data-id=\"8ec8c46\" data-element_type=\"widget\" data-widget_type=\"heading.default\">\n\t\t\t\t<div class=\"elementor-widget-container\">\n\t\t\t\t\t<h2 class=\"elementor-heading-title elementor-size-default\">VIDEO<\/h2>\t\t\t\t<\/div>\n\t\t\t\t<\/div>\n\t\t\t\t<div class=\"elementor-element elementor-element-fc9d5ba elementor-widget elementor-widget-heading\" data-id=\"fc9d5ba\" data-element_type=\"widget\" data-widget_type=\"heading.default\">\n\t\t\t\t<div class=\"elementor-widget-container\">\n\t\t\t\t\t<h4 class=\"elementor-heading-title elementor-size-default\">DON'T BE AFRAID OF THE DARK<\/h4>\t\t\t\t<\/div>\n\t\t\t\t<\/div>\n\t\t\t\t<\/div>\n\t\t<div class=\"elementor-element elementor-element-324109a e-con-full e-flex e-con e-child\" data-id=\"324109a\" data-element_type=\"container\">\n\t\t\t\t<div class=\"elementor-element elementor-element-eafdd67 elementor-widget elementor-widget-video\" data-id=\"eafdd67\" data-element_type=\"widget\" data-settings=\"{&quot;video_type&quot;:&quot;hosted&quot;,&quot;controls&quot;:&quot;yes&quot;}\" data-widget_type=\"video.default\">\n\t\t\t\t<div class=\"elementor-widget-container\">\n\t\t\t\t\t\t\t<div class=\"e-hosted-video elementor-wrapper elementor-open-inline\">\n\t\t\t\t\t<video class=\"elementor-video\" src=\"https:\/\/resilient-cities.eu\/wp-content\/uploads\/2024\/10\/ANI_SiKO_Wien.mp4\" controls=\"\" preload=\"metadata\" controlsList=\"nodownload\"><\/video>\n\t\t\t\t<\/div>\n\t\t\t\t\t\t<\/div>\n\t\t\t\t<\/div>\n\t\t\t\t<\/div>\n\t\t\t\t\t<\/div>\n\t\t\t\t<\/div>\n\t\t<div class=\"elementor-element elementor-element-92f71bf e-flex e-con-boxed e-con e-parent\" data-id=\"92f71bf\" data-element_type=\"container\">\n\t\t\t\t\t<div class=\"e-con-inner\">\n\t\t\t\t<div class=\"elementor-element elementor-element-e0037f2 elementor-widget elementor-widget-heading\" data-id=\"e0037f2\" data-element_type=\"widget\" data-widget_type=\"heading.default\">\n\t\t\t\t<div class=\"elementor-widget-container\">\n\t\t\t\t\t<h3 class=\"elementor-heading-title elementor-size-default\">EVENT SCHEDULE<\/h3>\t\t\t\t<\/div>\n\t\t\t\t<\/div>\n\t\t\t\t<div class=\"elementor-element elementor-element-20be7d1 elementor-tabs-view-horizontal elementor-widget elementor-widget-tabs\" data-id=\"20be7d1\" data-element_type=\"widget\" data-widget_type=\"tabs.default\">\n\t\t\t\t<div class=\"elementor-widget-container\">\n\t\t\t\t\t\t\t<div class=\"elementor-tabs\">\n\t\t\t<div class=\"elementor-tabs-wrapper\" role=\"tablist\" >\n\t\t\t\t\t\t\t\t\t<div id=\"elementor-tab-title-3431\" class=\"elementor-tab-title elementor-tab-desktop-title\" aria-selected=\"true\" data-tab=\"1\" role=\"tab\" tabindex=\"0\" aria-controls=\"elementor-tab-content-3431\" aria-expanded=\"false\">DAY 01<\/div>\n\t\t\t\t\t\t\t\t\t<div id=\"elementor-tab-title-3432\" class=\"elementor-tab-title elementor-tab-desktop-title\" aria-selected=\"false\" data-tab=\"2\" role=\"tab\" tabindex=\"-1\" aria-controls=\"elementor-tab-content-3432\" aria-expanded=\"false\">DAY 02<\/div>\n\t\t\t\t\t\t\t\t\t<div id=\"elementor-tab-title-3433\" class=\"elementor-tab-title elementor-tab-desktop-title\" aria-selected=\"false\" data-tab=\"3\" role=\"tab\" tabindex=\"-1\" aria-controls=\"elementor-tab-content-3433\" aria-expanded=\"false\">DAY 03<\/div>\n\t\t\t\t\t\t\t<\/div>\n\t\t\t<div class=\"elementor-tabs-content-wrapper\" role=\"tablist\" aria-orientation=\"vertical\">\n\t\t\t\t\t\t\t\t\t<div class=\"elementor-tab-title elementor-tab-mobile-title\" aria-selected=\"true\" data-tab=\"1\" role=\"tab\" tabindex=\"0\" aria-controls=\"elementor-tab-content-3431\" aria-expanded=\"false\">DAY 01<\/div>\n\t\t\t\t\t<div id=\"elementor-tab-content-3431\" class=\"elementor-tab-content elementor-clearfix\" data-tab=\"1\" role=\"tabpanel\" aria-labelledby=\"elementor-tab-title-3431\" tabindex=\"0\" hidden=\"false\"><p><strong>18:00 &#8211; Welcome Cocktail<\/strong><\/p><\/div>\n\t\t\t\t\t\t\t\t\t<div class=\"elementor-tab-title elementor-tab-mobile-title\" aria-selected=\"false\" data-tab=\"2\" role=\"tab\" tabindex=\"-1\" aria-controls=\"elementor-tab-content-3432\" aria-expanded=\"false\">DAY 02<\/div>\n\t\t\t\t\t<div id=\"elementor-tab-content-3432\" class=\"elementor-tab-content elementor-clearfix\" data-tab=\"2\" role=\"tabpanel\" aria-labelledby=\"elementor-tab-title-3432\" tabindex=\"0\" hidden=\"hidden\"><p>\u00a0<\/p><p><strong>08:30 &#8211; Admission<\/strong><\/p><p><strong>09:00 &#8211; Welcome<\/strong> (Michael Ludwig, Mayor of Vienna)<\/p><p><strong>09:15 &#8211; The importance of Communication Strategies<\/strong> (Wolfgang M\u00fcller, Deputy Chief Executive Officer,<br \/>Head of Security and Organisation, City of Vienna)<\/p><p><strong>09:30 &#8211; The Resilient Cities Project<\/strong> (Aleksandra Markianova, Project Coordinator, City of Rostock<br \/>Kaspars V\u0101rpi\u0146\u0161, UBC, City of Liepaja)<\/p><p><strong>09:45 &#8211; The Belgrade Contribution<\/strong> (Darko Glavas, Secretariat for defence affairs, emergency<br \/>situations &amp; coordinations, City of Belgrade)<\/p><p><strong>10:05 &#8211; The Budapest Contribution<\/strong> (Orsolya Barsi, Deputy Head, Department for Climate &amp;<br \/>Environment, City of Budapest)<\/p><p><strong>10:25 &#8211; The D\u00fcsseldorf Contribution<\/strong> (David von der Lieth, Fire- and Emergency Service, City of D\u00fcsseldorf)<\/p><p><strong>10:45 &#8211; Coffee Break<\/strong><\/p><p><strong>11:05 &#8211; Floods in Ljubljana in August 2023<\/strong> (Robert Kus, Head of Emergency Management Department,<br \/>City of Ljubljana)<\/p><p><strong>11:25 &#8211; Experiences from power outages in winter conditions<\/strong> (Jukka-Pekka Schroderus, Finance &amp; Administration,<br \/>City of Pori)<\/p><p><strong>11:45 &#8211; Information and communication tools of the<\/strong><br \/>City of Prague in case of emergency (Ji\u0159\u00ed \u010cmakal, Department of Security, City of Prague)<\/p><p><strong>12:05 &#8211; The Rivne Contribution<\/strong> (Vitaliy Kardash, Rivne regional military administration)<\/p><p><strong>12:25 &#8211; Developing and implementing a comprehensive emergency<\/strong><br \/><strong>communication system in an urban area<\/strong> (Rene Feige, Disaster &amp; civil protection unit, City of Rostock)<\/p><p><strong>12:45 &#8211; Providing vital services during the energy crisis<\/strong> (Risto Aasmaa, Municipal Police Department, City of Tallinn)<\/p><p><strong>13:05 &#8211; Preparations for disruption of vital services: Tartu Case<\/strong> (Evelin Uibokand, crisis management coordinator,<br \/>City of Tartu)<\/p><p><strong>13:25 &#8211; The Light Islands Project<\/strong> (David Reinberger, Crisis Management &amp; Security Department, City of<br \/>Vienna)<\/p><p><strong>13:45 &#8211; No Fear of the Dark: Vilnius Case<\/strong> (Dovile Sulciene, Chief Officer, Public Order Unit,<br \/>City of Vilnius)<\/p><p><strong>14:05 &#8211; Lunch Break<\/strong><\/p><p><strong>14:45 &#8211; guided city stroll<\/strong><\/p><p><strong>19:00 &#8211; dinner<\/strong><\/p><\/div>\n\t\t\t\t\t\t\t\t\t<div class=\"elementor-tab-title elementor-tab-mobile-title\" aria-selected=\"false\" data-tab=\"3\" role=\"tab\" tabindex=\"-1\" aria-controls=\"elementor-tab-content-3433\" aria-expanded=\"false\">DAY 03<\/div>\n\t\t\t\t\t<div id=\"elementor-tab-content-3433\" class=\"elementor-tab-content elementor-clearfix\" data-tab=\"3\" role=\"tabpanel\" aria-labelledby=\"elementor-tab-title-3433\" tabindex=\"0\" hidden=\"hidden\"><p>\u00a0<\/p><p><strong>09:30 &#8211; field trip &#8211; metro constructionside<\/strong><\/p><\/div>\n\t\t\t\t\t\t\t<\/div>\n\t\t<\/div>\n\t\t\t\t\t\t<\/div>\n\t\t\t\t<\/div>\n\t\t\t\t\t<\/div>\n\t\t\t\t<\/div>\n\t\t<div class=\"elementor-element elementor-element-9575fce e-flex e-con-boxed e-con e-parent\" data-id=\"9575fce\" data-element_type=\"container\">\n\t\t\t\t\t<div class=\"e-con-inner\">\n\t\t\t\t<div class=\"elementor-element elementor-element-0d10e35 elementor-widget elementor-widget-heading\" data-id=\"0d10e35\" data-element_type=\"widget\" data-widget_type=\"heading.default\">\n\t\t\t\t<div class=\"elementor-widget-container\">\n\t\t\t\t\t<h3 class=\"elementor-heading-title elementor-size-default\">DOWNLOADS<\/h3>\t\t\t\t<\/div>\n\t\t\t\t<\/div>\n\t\t\t\t<div class=\"elementor-element elementor-element-a2fa573 elementor-widget elementor-widget-text-editor\" data-id=\"a2fa573\" data-element_type=\"widget\" data-widget_type=\"text-editor.default\">\n\t\t\t\t<div class=\"elementor-widget-container\">\n\t\t\t\t\t\t\t\t\t<p><a href=\"https:\/\/resilient-cities.eu\/wp-content\/uploads\/2025\/02\/Vienna_May2024.pdf\">Event Report<\/a><\/p>\t\t\t\t\t\t\t\t<\/div>\n\t\t\t\t<\/div>\n\t\t\t\t\t<\/div>\n\t\t\t\t<\/div>\n\t\t\t\t<\/div>\n\t\t","protected":false},"excerpt":{"rendered":"<p>06. &#8211; 08. May 2024 NO FEAR OF THE DARK ABOUT VIENNA Vienna, the capital of Austria, is a city rich in cultural treasures, historical elegance, and modern dynamism. Renowned for its impressive Baroque architecture, magnificent palaces, and world-famous music traditions, Vienna offers a unique blend of tradition and innovation. The city is home to [&hellip;]<\/p>\n","protected":false},"author":1,"featured_media":0,"parent":0,"menu_order":0,"comment_status":"closed","ping_status":"closed","template":"","meta":{"footnotes":""},"class_list":["post-67","page","type-page","status-publish","hentry"],"_links":{"self":[{"href":"https:\/\/resilient-cities.eu\/index.php?rest_route=\/wp\/v2\/pages\/67","targetHints":{"allow":["GET"]}}],"collection":[{"href":"https:\/\/resilient-cities.eu\/index.php?rest_route=\/wp\/v2\/pages"}],"about":[{"href":"https:\/\/resilient-cities.eu\/index.php?rest_route=\/wp\/v2\/types\/page"}],"author":[{"embeddable":true,"href":"https:\/\/resilient-cities.eu\/index.php?rest_route=\/wp\/v2\/users\/1"}],"replies":[{"embeddable":true,"href":"https:\/\/resilient-cities.eu\/index.php?rest_route=%2Fwp%2Fv2%2Fcomments&post=67"}],"version-history":[{"count":31,"href":"https:\/\/resilient-cities.eu\/index.php?rest_route=\/wp\/v2\/pages\/67\/revisions"}],"predecessor-version":[{"id":513,"href":"https:\/\/resilient-cities.eu\/index.php?rest_route=\/wp\/v2\/pages\/67\/revisions\/513"}],"wp:attachment":[{"href":"https:\/\/resilient-cities.eu\/index.php?rest_route=%2Fwp%2Fv2%2Fmedia&parent=67"}],"curies":[{"name":"wp","href":"https:\/\/api.w.org\/{rel}","templated":true}]}}